{"id":102,"date":"2024-08-29T07:33:52","date_gmt":"2024-08-29T07:33:52","guid":{"rendered":"https:\/\/tartunoortekoor.ee\/?page_id=102"},"modified":"2026-03-29T09:28:09","modified_gmt":"2026-03-29T06:28:09","slug":"meist","status":"publish","type":"page","link":"https:\/\/tartunoortekoor.ee\/en\/meist\/","title":{"rendered":"About us"},"content":{"rendered":"<div class=\"wp-block-group has-large-font-size has-global-padding is-layout-constrained wp-container-core-group-is-layout-03cfe97e wp-block-group-is-layout-constrained\" style=\"padding-top:var(--wp--preset--spacing--20);padding-right:var(--wp--preset--spacing--20);padding-bottom:var(--wp--preset--spacing--20);padding-left:var(--wp--preset--spacing--20)\">\n<div class=\"wp-block-columns is-layout-flex wp-container-core-columns-is-layout-7e027da3 wp-block-columns-is-layout-flex\">\n<div class=\"wp-block-column is-layout-flow wp-container-core-column-is-layout-f5bb311e wp-block-column-is-layout-flow\" style=\"flex-basis:60%\">\n<p class=\"has-text-align-center has-large-font-size\" style=\"margin-right:0;margin-left:0\">Tartu Youth Choir was founded in 1983 by Riho Leppoja, who was the chief conductor until 2019. Markus Leppoja has conducted the choir since 2010 and became the chief conductor in 2019. Kadri Leppoja has conducted the choir since 1996. In 2001, Viviane Kallaste joined as a teacher of vocal culture. The choir has given concerts in various different countries, been to every Estonian Song Celebration and participated in an international competition almost every year.<\/p>\n\n\n\n<p class=\"has-text-align-center has-large-font-size\" style=\"margin-right:0;margin-left:0\">Our aim is to give the singers a chance for musical development in a friendly atmosphere and to provide audiences with beautiful and diverse listening experiences.<\/p>\n\n\n<\/div>\n\n\n\n<div class=\"wp-block-column is-layout-flow wp-block-column-is-layout-flow\" style=\"flex-basis:40%\">\n<figure class=\"wp-block-gallery has-nested-images columns-default wp-block-gallery-1 is-layout-flex wp-block-gallery-is-layout-flex\">\n<figure class=\"wp-block-image size-full has-custom-border\"><img decoding=\"async\" width=\"2048\" height=\"1567\" data-id=\"9290\" src=\"https:\/\/tartunoortekoor.ee\/wp-content\/uploads\/2025\/06\/488147623_29926240956974833_5930081852135953220_n.jpg\" alt=\"\" class=\"wp-image-9290\" style=\"border-radius:5px\" srcset=\"https:\/\/tartunoortekoor.ee\/wp-content\/uploads\/2025\/06\/488147623_29926240956974833_5930081852135953220_n.jpg 2048w, https:\/\/tartunoortekoor.ee\/wp-content\/uploads\/2025\/06\/488147623_29926240956974833_5930081852135953220_n-300x230.jpg 300w, https:\/\/tartunoortekoor.ee\/wp-content\/uploads\/2025\/06\/488147623_29926240956974833_5930081852135953220_n-1024x784.jpg 1024w, https:\/\/tartunoortekoor.ee\/wp-content\/uploads\/2025\/06\/488147623_29926240956974833_5930081852135953220_n-768x588.jpg 768w, https:\/\/tartunoortekoor.ee\/wp-content\/uploads\/2025\/06\/488147623_29926240956974833_5930081852135953220_n-1536x1175.jpg 1536w, https:\/\/tartunoortekoor.ee\/wp-content\/uploads\/2025\/06\/488147623_29926240956974833_5930081852135953220_n-16x12.jpg 16w\" sizes=\"(max-width: 2048px) 100vw, 2048px\" \/><\/figure>\n<\/figure>\n\n\n\n<p class=\"has-text-align-right is-style-text-display has-small-font-size is-style-text-display--2\"><em>Tartu Youth Choir's first concert in the ruins of Tartu Cathedral. May 19, 1983<\/em><\/p>\n<\/div>\n<\/div>\n\n\n\n<figure class=\"wp-block-gallery has-nested-images columns-2 is-cropped wp-block-gallery-3 is-layout-flex wp-block-gallery-is-layout-flex\">\n<figure class=\"wp-block-image size-full has-custom-border\"><img decoding=\"async\" width=\"600\" height=\"400\" data-id=\"564\" src=\"https:\/\/tartunoortekoor.ee\/wp-content\/uploads\/2025\/03\/13_G.jpg\" alt=\"\" class=\"wp-image-564\" style=\"border-radius:5px\" srcset=\"https:\/\/tartunoortekoor.ee\/wp-content\/uploads\/2025\/03\/13_G.jpg 600w, https:\/\/tartunoortekoor.ee\/wp-content\/uploads\/2025\/03\/13_G-300x200.jpg 300w\" sizes=\"(max-width: 600px) 100vw, 600px\" \/><\/figure>\n\n\n\n<figure class=\"wp-block-image size-full has-custom-border\"><img decoding=\"async\" width=\"720\" height=\"540\" data-id=\"8568\" src=\"https:\/\/tartunoortekoor.ee\/wp-content\/uploads\/2025\/05\/vabariik_40_large.jpg\" alt=\"\" class=\"wp-image-8568\" style=\"border-radius:5px\" srcset=\"https:\/\/tartunoortekoor.ee\/wp-content\/uploads\/2025\/05\/vabariik_40_large.jpg 720w, https:\/\/tartunoortekoor.ee\/wp-content\/uploads\/2025\/05\/vabariik_40_large-300x225.jpg 300w, https:\/\/tartunoortekoor.ee\/wp-content\/uploads\/2025\/05\/vabariik_40_large-16x12.jpg 16w\" sizes=\"(max-width: 720px) 100vw, 720px\" \/><\/figure>\n\n\n\n<figure class=\"wp-block-image size-full has-custom-border\"><img decoding=\"async\" width=\"2000\" height=\"1333\" data-id=\"3799\" src=\"https:\/\/tartunoortekoor.ee\/wp-content\/uploads\/2025\/04\/2M6A3286.jpg\" alt=\"\" class=\"wp-image-3799\" style=\"border-radius:5px\" srcset=\"https:\/\/tartunoortekoor.ee\/wp-content\/uploads\/2025\/04\/2M6A3286.jpg 2000w, https:\/\/tartunoortekoor.ee\/wp-content\/uploads\/2025\/04\/2M6A3286-300x200.jpg 300w, https:\/\/tartunoortekoor.ee\/wp-content\/uploads\/2025\/04\/2M6A3286-1024x682.jpg 1024w, https:\/\/tartunoortekoor.ee\/wp-content\/uploads\/2025\/04\/2M6A3286-768x512.jpg 768w, https:\/\/tartunoortekoor.ee\/wp-content\/uploads\/2025\/04\/2M6A3286-1536x1024.jpg 1536w, https:\/\/tartunoortekoor.ee\/wp-content\/uploads\/2025\/04\/2M6A3286-18x12.jpg 18w\" sizes=\"(max-width: 2000px) 100vw, 2000px\" \/><\/figure>\n\n\n\n<figure class=\"wp-block-image size-full has-custom-border\"><img decoding=\"async\" width=\"2560\" height=\"1707\" data-id=\"11175\" src=\"https:\/\/tartunoortekoor.ee\/wp-content\/uploads\/2026\/01\/DSC01796-1.jpg\" alt=\"\" class=\"wp-image-11175\" style=\"border-radius:5px\" srcset=\"https:\/\/tartunoortekoor.ee\/wp-content\/uploads\/2026\/01\/DSC01796-1.jpg 2560w, https:\/\/tartunoortekoor.ee\/wp-content\/uploads\/2026\/01\/DSC01796-1-300x200.jpg 300w, https:\/\/tartunoortekoor.ee\/wp-content\/uploads\/2026\/01\/DSC01796-1-1024x683.jpg 1024w, https:\/\/tartunoortekoor.ee\/wp-content\/uploads\/2026\/01\/DSC01796-1-768x512.jpg 768w, https:\/\/tartunoortekoor.ee\/wp-content\/uploads\/2026\/01\/DSC01796-1-1536x1024.jpg 1536w, https:\/\/tartunoortekoor.ee\/wp-content\/uploads\/2026\/01\/DSC01796-1-2048x1366.jpg 2048w, https:\/\/tartunoortekoor.ee\/wp-content\/uploads\/2026\/01\/DSC01796-1-18x12.jpg 18w\" sizes=\"(max-width: 2560px) 100vw, 2560px\" \/><\/figure>\n<\/figure>\n<\/div>","protected":false},"excerpt":{"rendered":"<p>Tartu Noortekoori, tollal Tartu Koolinoorte Segakoori nime all, asutas 1983. aastal Riho Leppoja, kes pidas koori peadirigendi ametit 2019. aastani. Markus Leppoja asus kooris dirigendina t\u00f6\u00f6le 2010. aastast ning alates 2019. aastast on ta koori peadirigent. Kadri Leppoja t\u00f6\u00f6tab dirigendina 1996. ja Viviane Kallaste h\u00e4\u00e4leseadjana 2001. aastast. Koor on andnud arvukalt kontserte Eestis ja v\u00e4lismaal, [&hellip;]<\/p>\n","protected":false},"author":1,"featured_media":5916,"parent":0,"menu_order":2,"comment_status":"closed","ping_status":"closed","template":"","meta":{"_acf_changed":false,"_gspb_post_css":"","iawp_total_views":222,"footnotes":""},"class_list":["post-102","page","type-page","status-publish","has-post-thumbnail","hentry"],"acf":[],"aioseo_notices":[],"_links":{"self":[{"href":"https:\/\/tartunoortekoor.ee\/en\/wp-json\/wp\/v2\/pages\/102","targetHints":{"allow":["GET"]}}],"collection":[{"href":"https:\/\/tartunoortekoor.ee\/en\/wp-json\/wp\/v2\/pages"}],"about":[{"href":"https:\/\/tartunoortekoor.ee\/en\/wp-json\/wp\/v2\/types\/page"}],"author":[{"embeddable":true,"href":"https:\/\/tartunoortekoor.ee\/en\/wp-json\/wp\/v2\/users\/1"}],"replies":[{"embeddable":true,"href":"https:\/\/tartunoortekoor.ee\/en\/wp-json\/wp\/v2\/comments?post=102"}],"version-history":[{"count":0,"href":"https:\/\/tartunoortekoor.ee\/en\/wp-json\/wp\/v2\/pages\/102\/revisions"}],"wp:featuredmedia":[{"embeddable":true,"href":"https:\/\/tartunoortekoor.ee\/en\/wp-json\/wp\/v2\/media\/5916"}],"wp:attachment":[{"href":"https:\/\/tartunoortekoor.ee\/en\/wp-json\/wp\/v2\/media?parent=102"}],"curies":[{"name":"wp","href":"https:\/\/api.w.org\/{rel}","templated":true}]}}