{"id":29,"date":"2024-08-29T07:26:50","date_gmt":"2024-08-29T07:26:50","guid":{"rendered":"https:\/\/tartunoortekoor.ee\/?page_id=29"},"modified":"2026-04-27T23:59:37","modified_gmt":"2026-04-27T20:59:37","slug":"liitumine","status":"publish","type":"page","link":"https:\/\/tartunoortekoor.ee\/en\/liitumine\/","title":{"rendered":"Join us"},"content":{"rendered":"<div class=\"wp-block-group has-global-padding is-layout-constrained wp-container-core-group-is-layout-4fc2905c wp-block-group-is-layout-constrained\" style=\"padding-top:var(--wp--preset--spacing--40);padding-right:var(--wp--preset--spacing--20);padding-bottom:var(--wp--preset--spacing--40);padding-left:var(--wp--preset--spacing--20)\">\n<p class=\"has-text-align-center\">Applications for this season have closed.<\/p>\n\n\n\n<p class=\"has-text-align-center\">Write to us any time to ask about open spots: <a href=\"mailto:tartunoortekoor@tartunoortekoor.ee\" title=\"\">tartunoortekoor@tartunoortekoor.ee<\/a><\/p>\n\n\n\n<figure class=\"wp-block-gallery has-nested-images columns-default is-cropped wp-block-gallery-1 is-layout-flex wp-block-gallery-is-layout-flex\">\n<figure class=\"wp-block-image size-full has-custom-border\" style=\"margin-top:var(--wp--preset--spacing--20);margin-right:var(--wp--preset--spacing--20);margin-bottom:var(--wp--preset--spacing--20);margin-left:var(--wp--preset--spacing--20)\"><img decoding=\"async\" width=\"2560\" height=\"1920\" data-id=\"9517\" src=\"https:\/\/tartunoortekoor.ee\/wp-content\/uploads\/2025\/07\/20240622_164601.jpg\" alt=\"\" class=\"wp-image-9517\" style=\"border-radius:10px\" srcset=\"https:\/\/tartunoortekoor.ee\/wp-content\/uploads\/2025\/07\/20240622_164601.jpg 2560w, https:\/\/tartunoortekoor.ee\/wp-content\/uploads\/2025\/07\/20240622_164601-300x225.jpg 300w, https:\/\/tartunoortekoor.ee\/wp-content\/uploads\/2025\/07\/20240622_164601-1024x768.jpg 1024w, https:\/\/tartunoortekoor.ee\/wp-content\/uploads\/2025\/07\/20240622_164601-768x576.jpg 768w, https:\/\/tartunoortekoor.ee\/wp-content\/uploads\/2025\/07\/20240622_164601-1536x1152.jpg 1536w, https:\/\/tartunoortekoor.ee\/wp-content\/uploads\/2025\/07\/20240622_164601-2048x1536.jpg 2048w, https:\/\/tartunoortekoor.ee\/wp-content\/uploads\/2025\/07\/20240622_164601-16x12.jpg 16w\" sizes=\"(max-width: 2560px) 100vw, 2560px\" \/><\/figure>\n<\/figure>\n<\/div>","protected":false},"excerpt":{"rendered":"<p>Selleks hooajaks on uute lauljate vastuv\u00f5tt l\u00f5ppenud. Huvi korral v\u00f5ite igal ajal kirjutada ja vabade kohtade kohta k\u00fcsida: tartunoortekoor@tartunoortekoor.ee On aeg koori tulla! Alustame peagi oma 44. hooajaga, ning ootame sel puhul just Sind oma ridadesse:&nbsp;Tartu Noortekoor v\u00f5tab vastu uusi lauljaid k\u00f5ikidesse&nbsp;h\u00e4\u00e4ler\u00fchmadesse! Kui armastad laulmist, head seltskonda ja saaksid k\u00e4ia proovides esmasp\u00e4eviti ja kolmap\u00e4eviti kell [&hellip;]<\/p>\n","protected":false},"author":1,"featured_media":5455,"parent":0,"menu_order":5,"comment_status":"closed","ping_status":"closed","template":"","meta":{"_acf_changed":false,"_gspb_post_css":"#gspb_button-id-gsbp-239a58b{display:flex;justify-content:center}#gspb_button-id-gsbp-239a58b .gspb-buttonbox-text{display:flex;flex-direction:column}#gspb_button-id-gsbp-239a58b>.gspb-buttonbox{box-sizing:border-box}#gspb_button-id-gsbp-239a58b>.gspb-buttonbox>.gspb-buttonbox-textwrap>.gspb-buttonbox-icon{display:flex}#gspb_button-id-gsbp-239a58b>.gspb-buttonbox .gspb-buttonbox-icon svg{height:100%!important;width:%!important;min-width:%!important;fill:var(--wp--preset--color--base, #fcfffb)!important;margin:0!important}#gspb_button-id-gsbp-239a58b>.gspb-buttonbox .gspb-buttonbox-icon svg path{fill:var(--wp--preset--color--base, #fcfffb)!important}#gspb_button-id-gsbp-239a58b>.gspb-buttonbox:hover .gspb-buttonbox-icon svg,#gspb_button-id-gsbp-239a58b>.gspb-buttonbox:hover .gspb-buttonbox-icon svg path{fill:var(--wp--preset--color--accent-1, #d0f0c0)!important}#gspb_button-id-gsbp-239a58b>.gspb-buttonbox>.gspb-buttonbox-textwrap{display:flex;flex-direction:row;align-items:center}#gspb_button-id-gsbp-239a58b .gspb-buttonbox-icon{margin-right:13px}#gspb_button-id-gsbp-239a58b>.gspb-buttonbox{margin-top:10px;padding:10px 15px;background-color:var(--wp--preset--color--accent-6, #0000009c);text-transform:none;text-decoration:none}#gspb_button-id-gsbp-239a58b>.gspb-buttonbox:hover{background-color:var(--wp--preset--color--contrast, #000000)}#gspb_button-id-gsbp-239a58b>.gspb-buttonbox a{text-decoration:none}#gspb_button-id-gsbp-239a58b>.gspb-buttonbox,#gspb_button-id-gsbp-239a58b>.gspb-buttonbox>.gspb_backgroundOverlay{border-top-left-radius:20px;border-top-right-radius:20px;border-bottom-right-radius:20px;border-bottom-left-radius:20px}","iawp_total_views":842,"footnotes":""},"class_list":["post-29","page","type-page","status-publish","has-post-thumbnail","hentry"],"acf":[],"aioseo_notices":[],"_links":{"self":[{"href":"https:\/\/tartunoortekoor.ee\/en\/wp-json\/wp\/v2\/pages\/29","targetHints":{"allow":["GET"]}}],"collection":[{"href":"https:\/\/tartunoortekoor.ee\/en\/wp-json\/wp\/v2\/pages"}],"about":[{"href":"https:\/\/tartunoortekoor.ee\/en\/wp-json\/wp\/v2\/types\/page"}],"author":[{"embeddable":true,"href":"https:\/\/tartunoortekoor.ee\/en\/wp-json\/wp\/v2\/users\/1"}],"replies":[{"embeddable":true,"href":"https:\/\/tartunoortekoor.ee\/en\/wp-json\/wp\/v2\/comments?post=29"}],"version-history":[{"count":51,"href":"https:\/\/tartunoortekoor.ee\/en\/wp-json\/wp\/v2\/pages\/29\/revisions"}],"predecessor-version":[{"id":13634,"href":"https:\/\/tartunoortekoor.ee\/en\/wp-json\/wp\/v2\/pages\/29\/revisions\/13634"}],"wp:featuredmedia":[{"embeddable":true,"href":"https:\/\/tartunoortekoor.ee\/en\/wp-json\/wp\/v2\/media\/5455"}],"wp:attachment":[{"href":"https:\/\/tartunoortekoor.ee\/en\/wp-json\/wp\/v2\/media?parent=29"}],"curies":[{"name":"wp","href":"https:\/\/api.w.org\/{rel}","templated":true}]}}