{"id":398,"date":"2025-03-27T00:08:40","date_gmt":"2025-03-27T00:08:40","guid":{"rendered":"https:\/\/tartunoortekoor.ee\/?page_id=398"},"modified":"2026-04-04T18:21:16","modified_gmt":"2026-04-04T15:21:16","slug":"koosseis","status":"publish","type":"page","link":"https:\/\/tartunoortekoor.ee\/en\/meist\/koosseis\/","title":{"rendered":"Members"},"content":{"rendered":"<div class=\"wp-block-group has-global-padding is-layout-constrained wp-container-core-group-is-layout-f6280ef4 wp-block-group-is-layout-constrained\" style=\"border-radius:10px;margin-bottom:var(--wp--preset--spacing--40);padding-top:var(--wp--preset--spacing--20)\">\n<div class=\"wp-block-group has-base-background-color has-background is-layout-flow wp-block-group-is-layout-flow\" style=\"padding-top:var(--wp--preset--spacing--20);padding-right:var(--wp--preset--spacing--20);padding-bottom:var(--wp--preset--spacing--20);padding-left:var(--wp--preset--spacing--20)\">\n<h2 class=\"wp-block-heading has-text-align-center has-x-large-font-size\" id=\"koori-esindus\" style=\"margin-bottom:var(--wp--preset--spacing--30)\"><strong>Choir board<\/strong><\/h2>\n\n\n\n<div class=\"wp-block-group is-layout-grid wp-container-core-group-is-layout-471a4f32 wp-block-group-is-layout-grid\">\n<div class=\"wp-block-group has-global-padding is-layout-constrained wp-block-group-is-layout-constrained\">\n<p class=\"has-text-align-center has-medium-font-size wp-container-content-69bc4bdf\"><strong>President<\/strong> <\/p>\n\n\n\n<p class=\"has-text-align-center has-medium-font-size wp-container-content-69bc4bdf\">Karl Paul Parmakson<\/p>\n<\/div>\n\n\n\n<div class=\"wp-block-group has-global-padding is-layout-constrained wp-block-group-is-layout-constrained\">\n<p class=\"has-text-align-center has-medium-font-size\"><strong>Administrator<\/strong><\/p>\n\n\n\n<p class=\"has-text-align-center has-medium-font-size\">Maria Kuuseok<\/p>\n<\/div>\n\n\n\n<div class=\"wp-block-group has-global-padding is-layout-constrained wp-block-group-is-layout-constrained\">\n<p class=\"has-text-align-center has-medium-font-size\"><strong>Chief soprano<\/strong><\/p>\n\n\n\n<p class=\"has-text-align-center has-medium-font-size\">Mia Melanie Moor<\/p>\n<\/div>\n\n\n\n<div class=\"wp-block-group has-global-padding is-layout-constrained wp-block-group-is-layout-constrained\">\n<p class=\"has-text-align-center has-medium-font-size\"><strong>Chief alto<\/strong><\/p>\n\n\n\n<p class=\"has-text-align-center has-medium-font-size\">K\u00e4rt Kingo<\/p>\n<\/div>\n\n\n\n<div class=\"wp-block-group has-global-padding is-layout-constrained wp-block-group-is-layout-constrained\">\n<p class=\"has-text-align-center has-medium-font-size\"><strong>Chief tenor<\/strong><\/p>\n\n\n\n<p class=\"has-text-align-center has-medium-font-size\">Tambet Ott<\/p>\n<\/div>\n\n\n\n<div class=\"wp-block-group has-global-padding is-layout-constrained wp-block-group-is-layout-constrained\">\n<p class=\"has-text-align-center has-medium-font-size\"><strong>Chief bass<\/strong><\/p>\n\n\n\n<p class=\"has-text-align-center has-medium-font-size\">Jan Tristan Moorlat<\/p>\n<\/div>\n\n\n\n<div class=\"wp-block-group has-global-padding is-layout-constrained wp-block-group-is-layout-constrained\">\n<p class=\"has-text-align-center has-medium-font-size\"><strong>Women's dresser<\/strong><\/p>\n\n\n\n<p class=\"has-text-align-center has-medium-font-size\">Christelle Mariely Rammul<\/p>\n<\/div>\n\n\n\n<div class=\"wp-block-group has-global-padding is-layout-constrained wp-block-group-is-layout-constrained\">\n<p class=\"has-text-align-center has-medium-font-size\"><strong>Men's dresser<\/strong><\/p>\n\n\n\n<p class=\"has-text-align-center has-medium-font-size\">Hendrik Pajur<\/p>\n<\/div>\n\n\n\n<div class=\"wp-block-group has-global-padding is-layout-constrained wp-block-group-is-layout-constrained\">\n<p class=\"has-text-align-center has-medium-font-size\"><strong>Web manager<\/strong><\/p>\n\n\n\n<p class=\"has-text-align-center has-medium-font-size\">Anni Ulm<\/p>\n<\/div>\n\n\n\n<div class=\"wp-block-group has-global-padding is-layout-constrained wp-block-group-is-layout-constrained\">\n<p class=\"has-text-align-center has-medium-font-size\"><strong>Note manager<\/strong><\/p>\n\n\n\n<p class=\"has-text-align-center has-medium-font-size\">Erki K\u00fclaots<\/p>\n<\/div>\n<\/div>\n<\/div>\n<\/div>\n\n\n\n<div class=\"wp-block-group is-layout-flow wp-block-group-is-layout-flow\">\n<p class=\"has-text-align-center has-small-font-size\" style=\"padding-top:var(--wp--preset--spacing--20);padding-bottom:var(--wp--preset--spacing--20)\"><em>2025\/26 season<\/em><\/p>\n\n\n\n<div class=\"wp-block-columns is-layout-flex wp-container-core-columns-is-layout-2b2534a7 wp-block-columns-is-layout-flex\" style=\"margin-bottom:var(--wp--preset--spacing--30);padding-right:0;padding-left:0;font-style:normal;font-weight:500\">\n<div class=\"wp-block-column is-layout-flow wp-block-column-is-layout-flow\" style=\"border-radius:5px;padding-right:var(--wp--preset--spacing--20);padding-left:var(--wp--preset--spacing--20);flex-basis:100%\">\n<h2 class=\"wp-block-heading has-text-align-center is-style-default has-xx-large-font-size\" id=\"sopran\" style=\"padding-bottom:var(--wp--preset--spacing--20)\"><strong>Soprano<\/strong><\/h2>\n\n\n\n<div class=\"wp-block-columns is-layout-flex wp-container-core-columns-is-layout-28f84493 wp-block-columns-is-layout-flex\">\n<div class=\"wp-block-column is-layout-flow wp-block-column-is-layout-flow\" style=\"flex-basis:100%\">\n<div class=\"wp-block-group has-medium-font-size is-layout-grid wp-container-core-group-is-layout-24e9ec6f wp-block-group-is-layout-grid\" style=\"padding-top:var(--wp--preset--spacing--20);padding-bottom:var(--wp--preset--spacing--20);font-style:normal;font-weight:600\">\n<p class=\"has-text-align-center\" style=\"font-style:normal;font-weight:500\">Anni Ulm<\/p>\n\n\n\n<p class=\"has-text-align-center has-medium-font-size\">Anne-Liine Pruul<\/p>\n\n\n\n<p class=\"has-text-align-center has-medium-font-size\">Annika M\u00e4gimets<\/p>\n\n\n\n<p class=\"has-text-align-center has-medium-font-size\">Bianca Uustare<\/p>\n\n\n\n<p class=\"has-text-align-center\">Christelle Mariely Rammul<\/p>\n\n\n\n<p class=\"has-text-align-center has-medium-font-size\">Eliisabet Judin<\/p>\n\n\n\n<p class=\"has-text-align-center\">Helis Marleen<\/p>\n\n\n\n<p class=\"has-text-align-center\">Margitta P\u00e4rn<\/p>\n\n\n\n<p class=\"has-text-align-center\">Marie Riiberg<\/p>\n\n\n\n<p class=\"has-text-align-center\">Maret Tark<\/p>\n\n\n\n<p class=\"has-text-align-center\">Maria Kuuseok<\/p>\n\n\n\n<p class=\"has-text-align-center\">Marian P\u00e4rn<\/p>\n\n\n\n<p class=\"has-text-align-center\">Martina Laan<\/p>\n\n\n\n<p class=\"has-text-align-center\">Mia Melanie Moor<\/p>\n\n\n\n<p class=\"has-text-align-center\">Paula Timmi<\/p>\n\n\n\n<p class=\"has-text-align-center\">Tuuli Lepland<\/p>\n<\/div>\n<\/div>\n<\/div>\n<\/div>\n\n\n\n<div class=\"wp-block-column is-layout-flow wp-block-column-is-layout-flow\" style=\"border-radius:5px;padding-right:var(--wp--preset--spacing--20);padding-left:var(--wp--preset--spacing--20);flex-basis:100%\">\n<h2 class=\"wp-block-heading has-text-align-center is-style-default has-xx-large-font-size\" id=\"alt\" style=\"padding-bottom:var(--wp--preset--spacing--20)\"><strong>Alto<\/strong><\/h2>\n\n\n\n<div class=\"wp-block-columns is-layout-flex wp-container-core-columns-is-layout-28f84493 wp-block-columns-is-layout-flex\">\n<div class=\"wp-block-column is-layout-flow wp-block-column-is-layout-flow\" style=\"flex-basis:100%\">\n<div class=\"wp-block-group has-medium-font-size is-layout-grid wp-container-core-group-is-layout-34594f77 wp-block-group-is-layout-grid\" style=\"padding-top:var(--wp--preset--spacing--20);padding-right:0;padding-bottom:var(--wp--preset--spacing--20);padding-left:0\">\n<p class=\"has-text-align-center has-medium-font-size\">Anita V\u00e4li<\/p>\n\n\n\n<p class=\"has-text-align-center wp-container-content-5e2576f9\">Emily Marmei<\/p>\n\n\n\n<p class=\"has-text-align-center\">Hele-Mari Jalasto<\/p>\n\n\n\n<p class=\"has-text-align-center\">Helina Kirsis<\/p>\n\n\n\n<p class=\"has-text-align-center\">Kirke Allik<\/p>\n\n\n\n<p class=\"has-text-align-center\">K\u00e4rt Kingo<\/p>\n\n\n\n<p class=\"has-text-align-center\">K\u00e4triin P\u00e4rnam\u00e4e<\/p>\n\n\n\n<p class=\"has-text-align-center\">Lotte Suurk\u00fcla<\/p>\n\n\n\n<p class=\"has-text-align-center\">Marie Tempel<\/p>\n\n\n\n<p class=\"has-text-align-center\">Meribel V\u00f5imre<\/p>\n\n\n\n<p class=\"has-text-align-center\">Miina Jaamets<\/p>\n\n\n\n<p class=\"has-text-align-center\">Nella Kivir\u00fc\u00fct<\/p>\n\n\n\n<p class=\"has-text-align-center\">Raili Randm\u00e4e<\/p>\n<\/div>\n<\/div>\n<\/div>\n<\/div>\n\n\n\n<div class=\"wp-block-column is-layout-flow wp-block-column-is-layout-flow\" style=\"border-radius:5px;padding-right:var(--wp--preset--spacing--20);padding-left:var(--wp--preset--spacing--20);flex-basis:65%\">\n<h2 class=\"wp-block-heading has-text-align-center is-style-default has-xx-large-font-size\" id=\"tenor\" style=\"padding-bottom:var(--wp--preset--spacing--20)\"><strong>Tenor<\/strong><\/h2>\n\n\n\n<div class=\"wp-block-group has-medium-font-size is-layout-grid wp-container-core-group-is-layout-8b1ee627 wp-block-group-is-layout-grid\" style=\"padding-top:var(--wp--preset--spacing--20);padding-bottom:var(--wp--preset--spacing--20)\">\n<p class=\"has-text-align-center has-medium-font-size\">Andri T\u00fcrkson<\/p>\n\n\n\n<p class=\"has-text-align-center\">Hendrik Laanemaa<\/p>\n\n\n\n<p class=\"has-text-align-center\">Marko Peedosk<\/p>\n\n\n\n<p class=\"has-text-align-center\">Ove \u00dcllar Viesemann<\/p>\n\n\n\n<p class=\"has-text-align-center\">Tambet Ott<\/p>\n<\/div>\n<\/div>\n\n\n\n<div class=\"wp-block-column is-layout-flow wp-block-column-is-layout-flow\" style=\"border-radius:5px;padding-right:var(--wp--preset--spacing--20);padding-left:var(--wp--preset--spacing--20);flex-basis:65%\">\n<h2 class=\"wp-block-heading has-text-align-center is-style-default has-xx-large-font-size\" id=\"bass\" style=\"padding-bottom:var(--wp--preset--spacing--20)\"><strong>Bass<\/strong><\/h2>\n\n\n\n<div class=\"wp-block-group has-medium-font-size is-layout-grid wp-container-core-group-is-layout-8b1ee627 wp-block-group-is-layout-grid\" style=\"padding-top:var(--wp--preset--spacing--20);padding-bottom:var(--wp--preset--spacing--20)\">\n<p class=\"has-text-align-center has-medium-font-size\">Andres Reintam<\/p>\n\n\n\n<p class=\"has-text-align-center\">Erki K\u00fclaots<\/p>\n\n\n\n<p class=\"has-text-align-center\">Hans Harald Peep<\/p>\n\n\n\n<p class=\"has-text-align-center\">Hendrik Pajur<\/p>\n\n\n\n<p class=\"has-text-align-center\">Jan Tristan Moorlat<\/p>\n\n\n\n<p class=\"has-text-align-center\">Karl Paul Parmakson<\/p>\n\n\n\n<p class=\"has-text-align-center\">Mark-Emil Luik<\/p>\n\n\n\n<p class=\"has-text-align-center\">Marko Roosiv\u00e4li<\/p>\n\n\n\n<p class=\"has-text-align-center\">Markus Lemberg<\/p>\n\n\n\n<p class=\"has-text-align-center\">Rasmus Lume<\/p>\n\n\n\n<p class=\"has-text-align-center\">Taaniel Bormann<\/p>\n<\/div>\n<\/div>\n<\/div>\n<\/div>\n\n\n\n<div style=\"margin-top:0;margin-bottom:0;height:100px\" aria-hidden=\"true\" class=\"wp-block-spacer\"><\/div>\n\n\n\n<div class=\"wp-block-group has-global-padding is-layout-constrained wp-container-core-group-is-layout-5ad4ab33 wp-block-group-is-layout-constrained\" style=\"padding-right:var(--wp--preset--spacing--20);padding-left:var(--wp--preset--spacing--20)\">\n<div class=\"wp-block-group is-layout-grid wp-container-core-group-is-layout-3fc3da3b wp-block-group-is-layout-grid\">\n<div class=\"wp-block-group has-global-padding is-layout-constrained wp-block-group-is-layout-constrained\">\n<figure class=\"wp-block-image aligncenter size-large has-custom-border is-style-default lightbox\" style=\"margin-bottom:0\"><img decoding=\"async\" width=\"1024\" height=\"602\" src=\"https:\/\/tartunoortekoor.ee\/wp-content\/uploads\/2025\/07\/TNKLaulupidu_4-e1752239989496-1024x602.jpg\" alt=\"\" class=\"wp-image-9509\" style=\"border-top-left-radius:5px;border-top-right-radius:5px;border-bottom-left-radius:5px;border-bottom-right-radius:5px;aspect-ratio:16\/9;object-fit:cover\" srcset=\"https:\/\/tartunoortekoor.ee\/wp-content\/uploads\/2025\/07\/TNKLaulupidu_4-e1752239989496-1024x602.jpg 1024w, https:\/\/tartunoortekoor.ee\/wp-content\/uploads\/2025\/07\/TNKLaulupidu_4-e1752239989496-300x176.jpg 300w, https:\/\/tartunoortekoor.ee\/wp-content\/uploads\/2025\/07\/TNKLaulupidu_4-e1752239989496-768x452.jpg 768w, https:\/\/tartunoortekoor.ee\/wp-content\/uploads\/2025\/07\/TNKLaulupidu_4-e1752239989496-1536x903.jpg 1536w, https:\/\/tartunoortekoor.ee\/wp-content\/uploads\/2025\/07\/TNKLaulupidu_4-e1752239989496-2048x1204.jpg 2048w, https:\/\/tartunoortekoor.ee\/wp-content\/uploads\/2025\/07\/TNKLaulupidu_4-e1752239989496-18x12.jpg 18w\" sizes=\"(max-width: 1024px) 100vw, 1024px\" \/><figcaption class=\"wp-element-caption\">2024\/25 season<\/figcaption><\/figure>\n<\/div>\n\n\n\n<div class=\"wp-block-group wp-container-content-43461a34 has-global-padding is-layout-constrained wp-block-group-is-layout-constrained\">\n<figure class=\"wp-block-image aligncenter size-large has-custom-border is-style-default lightbox\" style=\"margin-bottom:0\"><img decoding=\"async\" width=\"1024\" height=\"576\" src=\"https:\/\/tartunoortekoor.ee\/wp-content\/uploads\/2025\/04\/IMG_1244-1024x576.jpg\" alt=\"\" class=\"wp-image-3477\" style=\"border-top-left-radius:5px;border-top-right-radius:5px;border-bottom-left-radius:5px;border-bottom-right-radius:5px;aspect-ratio:16\/9;object-fit:cover\" srcset=\"https:\/\/tartunoortekoor.ee\/wp-content\/uploads\/2025\/04\/IMG_1244-1024x576.jpg 1024w, https:\/\/tartunoortekoor.ee\/wp-content\/uploads\/2025\/04\/IMG_1244-300x169.jpg 300w, https:\/\/tartunoortekoor.ee\/wp-content\/uploads\/2025\/04\/IMG_1244-768x432.jpg 768w, https:\/\/tartunoortekoor.ee\/wp-content\/uploads\/2025\/04\/IMG_1244-1536x864.jpg 1536w, https:\/\/tartunoortekoor.ee\/wp-content\/uploads\/2025\/04\/IMG_1244-2048x1152.jpg 2048w, https:\/\/tartunoortekoor.ee\/wp-content\/uploads\/2025\/04\/IMG_1244-18x10.jpg 18w\" sizes=\"(max-width: 1024px) 100vw, 1024px\" \/><figcaption class=\"wp-element-caption\">2023\/24 season<\/figcaption><\/figure>\n<\/div>\n\n\n\n<div class=\"wp-block-group wp-container-content-43461a34 has-global-padding is-layout-constrained wp-block-group-is-layout-constrained\">\n<figure class=\"wp-block-image aligncenter size-large has-custom-border is-style-default lightbox\" style=\"margin-bottom:0\"><img decoding=\"async\" width=\"1024\" height=\"534\" src=\"https:\/\/tartunoortekoor.ee\/wp-content\/uploads\/2025\/09\/tnktln23-1024x534.jpg\" alt=\"\" class=\"wp-image-10275\" style=\"border-top-left-radius:5px;border-top-right-radius:5px;border-bottom-left-radius:5px;border-bottom-right-radius:5px;aspect-ratio:16\/9;object-fit:cover\" srcset=\"https:\/\/tartunoortekoor.ee\/wp-content\/uploads\/2025\/09\/tnktln23-1024x534.jpg 1024w, https:\/\/tartunoortekoor.ee\/wp-content\/uploads\/2025\/09\/tnktln23-300x156.jpg 300w, https:\/\/tartunoortekoor.ee\/wp-content\/uploads\/2025\/09\/tnktln23-768x401.jpg 768w, https:\/\/tartunoortekoor.ee\/wp-content\/uploads\/2025\/09\/tnktln23-1536x801.jpg 1536w, https:\/\/tartunoortekoor.ee\/wp-content\/uploads\/2025\/09\/tnktln23-18x9.jpg 18w, https:\/\/tartunoortekoor.ee\/wp-content\/uploads\/2025\/09\/tnktln23.jpg 2048w\" sizes=\"(max-width: 1024px) 100vw, 1024px\" \/><figcaption class=\"wp-element-caption\">2022\/23 season<\/figcaption><\/figure>\n<\/div>\n\n\n\n<div class=\"wp-block-group has-global-padding is-layout-constrained wp-block-group-is-layout-constrained\">\n<figure class=\"wp-block-image aligncenter size-large has-custom-border is-style-default lightbox\" style=\"margin-bottom:0\"><img decoding=\"async\" width=\"1024\" height=\"768\" src=\"https:\/\/tartunoortekoor.ee\/wp-content\/uploads\/2025\/09\/tnkathen22-1024x768.jpg\" alt=\"\" class=\"wp-image-10279\" style=\"border-top-left-radius:5px;border-top-right-radius:5px;border-bottom-left-radius:5px;border-bottom-right-radius:5px;aspect-ratio:16\/9;object-fit:cover\" srcset=\"https:\/\/tartunoortekoor.ee\/wp-content\/uploads\/2025\/09\/tnkathen22-1024x768.jpg 1024w, https:\/\/tartunoortekoor.ee\/wp-content\/uploads\/2025\/09\/tnkathen22-300x225.jpg 300w, https:\/\/tartunoortekoor.ee\/wp-content\/uploads\/2025\/09\/tnkathen22-768x576.jpg 768w, https:\/\/tartunoortekoor.ee\/wp-content\/uploads\/2025\/09\/tnkathen22-1536x1152.jpg 1536w, https:\/\/tartunoortekoor.ee\/wp-content\/uploads\/2025\/09\/tnkathen22-16x12.jpg 16w, https:\/\/tartunoortekoor.ee\/wp-content\/uploads\/2025\/09\/tnkathen22.jpg 2048w\" sizes=\"(max-width: 1024px) 100vw, 1024px\" \/><figcaption class=\"wp-element-caption\">2021\/22 season<\/figcaption><\/figure>\n<\/div>\n<\/div>\n<\/div>","protected":false},"excerpt":{"rendered":"<p>Koori esindus President Karl Paul Parmakson Koorivanem Maria Kuuseok Soprani h\u00e4\u00e4ler\u00fchma vanem Mia Melanie Moor Aldi h\u00e4\u00e4ler\u00fchma vanem K\u00e4rt Kingo Tenori h\u00e4\u00e4ler\u00fchma vanem Tambet Ott Bassi h\u00e4\u00e4ler\u00fchma vanem Jan Tristan Moorlat Naiste riietur Christelle Mariely Rammul Meeste riietur Hendrik Pajur Veebihaldur Anni Ulm Noodihaldur Erki K\u00fclaots 2025\/26 hooaja koosseis Sopran Anni Ulm Anne-Liine Pruul Annika [&hellip;]<\/p>\n","protected":false},"author":1,"featured_media":5436,"parent":102,"menu_order":0,"comment_status":"closed","ping_status":"closed","template":"","meta":{"_acf_changed":false,"_gspb_post_css":"","iawp_total_views":667,"footnotes":""},"class_list":["post-398","page","type-page","status-publish","has-post-thumbnail","hentry"],"acf":[],"aioseo_notices":[],"_links":{"self":[{"href":"https:\/\/tartunoortekoor.ee\/en\/wp-json\/wp\/v2\/pages\/398","targetHints":{"allow":["GET"]}}],"collection":[{"href":"https:\/\/tartunoortekoor.ee\/en\/wp-json\/wp\/v2\/pages"}],"about":[{"href":"https:\/\/tartunoortekoor.ee\/en\/wp-json\/wp\/v2\/types\/page"}],"author":[{"embeddable":true,"href":"https:\/\/tartunoortekoor.ee\/en\/wp-json\/wp\/v2\/users\/1"}],"replies":[{"embeddable":true,"href":"https:\/\/tartunoortekoor.ee\/en\/wp-json\/wp\/v2\/comments?post=398"}],"version-history":[{"count":2,"href":"https:\/\/tartunoortekoor.ee\/en\/wp-json\/wp\/v2\/pages\/398\/revisions"}],"predecessor-version":[{"id":12642,"href":"https:\/\/tartunoortekoor.ee\/en\/wp-json\/wp\/v2\/pages\/398\/revisions\/12642"}],"up":[{"embeddable":true,"href":"https:\/\/tartunoortekoor.ee\/en\/wp-json\/wp\/v2\/pages\/102"}],"wp:featuredmedia":[{"embeddable":true,"href":"https:\/\/tartunoortekoor.ee\/en\/wp-json\/wp\/v2\/media\/5436"}],"wp:attachment":[{"href":"https:\/\/tartunoortekoor.ee\/en\/wp-json\/wp\/v2\/media?parent=398"}],"curies":[{"name":"wp","href":"https:\/\/api.w.org\/{rel}","templated":true}]}}