{"id":448,"date":"2025-03-27T00:44:44","date_gmt":"2025-03-27T00:44:44","guid":{"rendered":"https:\/\/tartunoortekoor.ee\/?page_id=448"},"modified":"2026-04-04T22:57:17","modified_gmt":"2026-04-04T19:57:17","slug":"kontakt","status":"publish","type":"page","link":"https:\/\/tartunoortekoor.ee\/en\/kontakt\/","title":{"rendered":"Contact"},"content":{"rendered":"<div class=\"wp-block-columns is-layout-flex wp-container-core-columns-is-layout-1558ff26 wp-block-columns-is-layout-flex\" style=\"border-radius:5px;padding-right:var(--wp--preset--spacing--50);padding-left:var(--wp--preset--spacing--50)\">\n<div class=\"wp-block-column is-vertically-aligned-top is-layout-flow wp-container-core-column-is-layout-28fc94de wp-block-column-is-layout-flow\" style=\"border-radius:5px;padding-top:var(--wp--preset--spacing--20);padding-bottom:var(--wp--preset--spacing--20);flex-basis:50%\">\n<h1 class=\"wp-block-heading has-text-align-center has-x-large-font-size\" id=\"vota-uhendust\" style=\"padding-top:0\">Contact us:<\/h1>\n\n\n\n<div class=\"wp-block-group is-style-default is-layout-grid wp-container-core-group-is-layout-aeb4a4d1 wp-block-group-is-layout-grid\">\n<div class=\"wp-block-group has-border-color has-accent-2-border-color has-accent-5-background-color has-background wp-container-content-0370fe96 is-layout-flow wp-block-group-is-layout-flow\" style=\"border-width:1px;box-shadow:var(--wp--preset--shadow--sharp)\">\n<div class=\"wp-block-query is-layout-flow wp-block-query-is-layout-flow\"><ul class=\"wp-block-post-template is-layout-flow wp-container-core-post-template-is-layout-ea1fff98 wp-block-post-template-is-layout-flow\"><li class=\"wp-block-post post-12764 tekst type-tekst status-publish hentry\">\n<div class=\"entry-content wp-block-post-content has-large-font-size is-layout-flow wp-container-core-post-content-is-layout-8a368f38 wp-block-post-content-is-layout-flow\"><p style=\"text-align: center;\"><strong>Chief conductor<\/strong><\/p>\n<p style=\"text-align: center;\">Markus Leppoja<\/p>\n<p style=\"text-align: center;\"><a href=\"tel:37258163689\">+372 5816 3689<\/a><\/p>\n<p style=\"text-align: center;\"><a href=\"mailto:mleppoja@gmail.com\">mleppoja@gmail.com<\/a><\/p>\n<\/div>\n<\/li><\/ul><\/div>\n<\/div>\n\n\n\n<div class=\"wp-block-group has-border-color has-accent-2-border-color has-accent-5-background-color has-background is-layout-flow wp-block-group-is-layout-flow\" style=\"border-width:1px;box-shadow:var(--wp--preset--shadow--sharp)\">\n<div class=\"wp-block-query is-layout-flow wp-block-query-is-layout-flow\"><ul class=\"wp-block-post-template is-layout-flow wp-container-core-post-template-is-layout-ea1fff98 wp-block-post-template-is-layout-flow\"><li class=\"wp-block-post post-12766 tekst type-tekst status-publish hentry\">\n<div class=\"entry-content wp-block-post-content has-large-font-size is-layout-flow wp-container-core-post-content-is-layout-8a368f38 wp-block-post-content-is-layout-flow\"><p style=\"text-align: center;\"><strong>President<\/strong><\/p>\n<p style=\"text-align: center;\">Karl Paul Parmakson<\/p>\n<p style=\"text-align: center;\"><a title=\"\" href=\"mailto:karl_paul@hotmail.com\">karl_paul@hotmail.com<\/a><\/p>\n<\/div>\n<\/li><\/ul><\/div>\n<\/div>\n\n\n\n<div class=\"wp-block-group has-border-color has-accent-2-border-color has-accent-5-background-color has-background is-layout-flow wp-block-group-is-layout-flow\" style=\"border-width:1px;box-shadow:var(--wp--preset--shadow--sharp)\">\n<div class=\"wp-block-query is-layout-flow wp-block-query-is-layout-flow\"><ul class=\"wp-block-post-template is-layout-flow wp-container-core-post-template-is-layout-ea1fff98 wp-block-post-template-is-layout-flow\"><li class=\"wp-block-post post-12768 tekst type-tekst status-publish hentry\">\n<div class=\"entry-content wp-block-post-content has-large-font-size is-layout-flow wp-container-core-post-content-is-layout-8a368f38 wp-block-post-content-is-layout-flow\"><p style=\"text-align: center;\"><strong>Administrator<\/strong><\/p>\n<p style=\"text-align: center;\">Maria Kuuseok<\/p>\n<p style=\"text-align: center;\"><a title=\"\" href=\"mailto:kuuseokmaria@gmail.com\">kuuseokmaria@gmail.com<\/a><\/p>\n<\/div>\n<\/li><\/ul><\/div>\n<\/div>\n<\/div>\n\n\n\n\n<\/div>\n\n\n\n<div class=\"wp-block-column is-vertically-aligned-center is-layout-flow wp-container-core-column-is-layout-f5bb311e wp-block-column-is-layout-flow\" style=\"border-radius:5px;flex-basis:50%\">\n<h1 class=\"wp-block-heading has-text-align-center has-x-large-font-size\" id=\"asukoht\" style=\"padding-top:var(--wp--preset--spacing--20)\">Location:<\/h1>\n\n\n\n<p class=\"has-text-align-center has-medium-font-size\">We rehearse in Miina H\u00e4rma Gymnasium hall (2nd floor)<br>Address: Jaan T\u00f5nissoni 3, Tartu<\/p>\n\n\n\n<div class=\"wp-block-group is-content-justification-center is-nowrap is-layout-flex wp-container-core-group-is-layout-cf138b5d wp-block-group-is-layout-flex\" style=\"padding-top:var(--wp--preset--spacing--20);padding-right:var(--wp--preset--spacing--20);padding-bottom:var(--wp--preset--spacing--20);padding-left:var(--wp--preset--spacing--20)\">\n<iframe src=\"https:\/\/www.google.com\/maps\/embed?pb=!1m18!1m12!1m3!1d2091.9877244086324!2d26.706441577314!3d58.37674388690302!2m3!1f0!2f0!3f0!3m2!1i1024!2i768!4f13.1!3m3!1m2!1s0x46eb371df3a2d013%3A0x97114f0a152653d0!2sMiina%20H%C3%A4rma%20G%C3%BCmnaasium!5e0!3m2!1set!2see!4v1743790818046!5m2!1set!2see\" width=\"600\" height=\"450\" style=\"border:0;\" allowfullscreen=\"\" loading=\"lazy\" referrerpolicy=\"no-referrer-when-downgrade\"><\/iframe>\n<\/div>\n<\/div>\n<\/div>","protected":false},"excerpt":{"rendered":"<p>V\u00f5ta \u00fchendust: Asukoht: Proovid toimuvad Miina H\u00e4rma G\u00fcmnaasiumi aulas (2. korrusel)Aadress: Jaan T\u00f5nissoni 3, Tartu<\/p>","protected":false},"author":1,"featured_media":2464,"parent":0,"menu_order":6,"comment_status":"closed","ping_status":"closed","template":"","meta":{"_acf_changed":false,"_gspb_post_css":"","iawp_total_views":175,"footnotes":""},"class_list":["post-448","page","type-page","status-publish","has-post-thumbnail","hentry"],"acf":[],"aioseo_notices":[],"_links":{"self":[{"href":"https:\/\/tartunoortekoor.ee\/en\/wp-json\/wp\/v2\/pages\/448","targetHints":{"allow":["GET"]}}],"collection":[{"href":"https:\/\/tartunoortekoor.ee\/en\/wp-json\/wp\/v2\/pages"}],"about":[{"href":"https:\/\/tartunoortekoor.ee\/en\/wp-json\/wp\/v2\/types\/page"}],"author":[{"embeddable":true,"href":"https:\/\/tartunoortekoor.ee\/en\/wp-json\/wp\/v2\/users\/1"}],"replies":[{"embeddable":true,"href":"https:\/\/tartunoortekoor.ee\/en\/wp-json\/wp\/v2\/comments?post=448"}],"version-history":[{"count":5,"href":"https:\/\/tartunoortekoor.ee\/en\/wp-json\/wp\/v2\/pages\/448\/revisions"}],"predecessor-version":[{"id":12777,"href":"https:\/\/tartunoortekoor.ee\/en\/wp-json\/wp\/v2\/pages\/448\/revisions\/12777"}],"wp:featuredmedia":[{"embeddable":true,"href":"https:\/\/tartunoortekoor.ee\/en\/wp-json\/wp\/v2\/media\/2464"}],"wp:attachment":[{"href":"https:\/\/tartunoortekoor.ee\/en\/wp-json\/wp\/v2\/media?parent=448"}],"curies":[{"name":"wp","href":"https:\/\/api.w.org\/{rel}","templated":true}]}}