{"id":94,"date":"2024-08-29T07:31:39","date_gmt":"2024-08-29T07:31:39","guid":{"rendered":"https:\/\/tartunoortekoor.ee\/?page_id=94"},"modified":"2026-04-05T11:14:35","modified_gmt":"2026-04-05T08:14:35","slug":"tanu","status":"publish","type":"page","link":"https:\/\/tartunoortekoor.ee\/en\/meist\/tanu\/","title":{"rendered":"Thank you"},"content":{"rendered":"<div class=\"wp-block-columns is-layout-flow wp-container-core-columns-is-layout-ca617b5a wp-block-columns-is-layout-flow\" style=\"border-radius:5px;margin-top:0;margin-bottom:0;padding-top:var(--wp--preset--spacing--20);padding-right:0;padding-bottom:var(--wp--preset--spacing--20);padding-left:0\">\n<div class=\"wp-block-column is-vertically-aligned-center is-layout-flow wp-block-column-is-layout-flow\" style=\"padding-top:var(--wp--preset--spacing--20);padding-bottom:var(--wp--preset--spacing--20);flex-basis:35%\">\n<div class=\"wp-block-group is-vertical is-content-justification-center is-layout-flex wp-container-core-group-is-layout-93e2eace wp-block-group-is-layout-flex\" style=\"padding-top:var(--wp--preset--spacing--20);padding-right:var(--wp--preset--spacing--30);padding-bottom:var(--wp--preset--spacing--20);padding-left:var(--wp--preset--spacing--30)\">\n<h1 class=\"wp-block-heading has-text-align-center\" id=\"koorivormid\" style=\"padding-top:var(--wp--preset--spacing--30);padding-bottom:var(--wp--preset--spacing--30)\">Choir uniforms<\/h1>\n\n\n\n<p class=\"has-text-align-center\">To celebrate our 40th anniversary, the choir received a set of new myrtle green choir uniforms. We're thankful to all who supported us during our Hooandja campaign!<br><\/p>\n\n\n\n<p class=\"has-text-align-center\" style=\"padding-top:var(--wp--preset--spacing--30)\">Link to a completed campaign and the video can be found <a href=\"https:\/\/www.hooandja.ee\/projekt\/tartu-noortekoori-uus-koorivorm\" target=\"_blank\" rel=\"noopener noreferrer nofollow\">here<\/a>.<br><\/p>\n<\/div>\n<\/div>\n\n\n\n<div class=\"wp-block-column is-vertically-aligned-center is-layout-flow wp-block-column-is-layout-flow\" style=\"flex-basis:65%\">\n<div class=\"wp-block-group is-vertical is-content-justification-right is-layout-flex wp-container-core-group-is-layout-7265ce83 wp-block-group-is-layout-flex\" style=\"border-radius:10px;padding-right:var(--wp--preset--spacing--30);padding-left:var(--wp--preset--spacing--30)\">\n<figure class=\"wp-block-gallery aligncenter has-nested-images columns-default wp-block-gallery-1 is-layout-flex wp-block-gallery-is-layout-flex\">\n<figure class=\"wp-block-image aligncenter size-large has-custom-border\" style=\"padding-top:var(--wp--preset--spacing--20);padding-bottom:var(--wp--preset--spacing--20)\"><img decoding=\"async\" width=\"1024\" height=\"682\" data-id=\"3787\" src=\"https:\/\/tartunoortekoor.ee\/wp-content\/uploads\/2025\/04\/2M6A3951-1024x682.jpg\" alt=\"\" class=\"wp-image-3787\" style=\"border-radius:5px\" srcset=\"https:\/\/tartunoortekoor.ee\/wp-content\/uploads\/2025\/04\/2M6A3951-1024x682.jpg 1024w, https:\/\/tartunoortekoor.ee\/wp-content\/uploads\/2025\/04\/2M6A3951-300x200.jpg 300w, https:\/\/tartunoortekoor.ee\/wp-content\/uploads\/2025\/04\/2M6A3951-768x512.jpg 768w, https:\/\/tartunoortekoor.ee\/wp-content\/uploads\/2025\/04\/2M6A3951-1536x1024.jpg 1536w, https:\/\/tartunoortekoor.ee\/wp-content\/uploads\/2025\/04\/2M6A3951-18x12.jpg 18w, https:\/\/tartunoortekoor.ee\/wp-content\/uploads\/2025\/04\/2M6A3951.jpg 2000w\" sizes=\"(max-width: 1024px) 100vw, 1024px\" \/><figcaption class=\"wp-element-caption\">Photographer: Peeter Paaver<\/figcaption><\/figure>\n<\/figure>\n<\/div>\n<\/div>\n<\/div>\n\n\n\n<div class=\"wp-block-group is-layout-flow wp-block-group-is-layout-flow\" style=\"border-radius:5px;margin-top:var(--wp--preset--spacing--30);margin-bottom:var(--wp--preset--spacing--30);padding-top:0;padding-bottom:0\">\n<p class=\"has-text-align-center has-large-font-size\" style=\"padding-top:var(--wp--preset--spacing--20);padding-bottom:var(--wp--preset--spacing--20)\"><strong>Thank you for your support!<\/strong><\/p>\n\n\n\n<p class=\"has-text-align-center has-medium-font-size\" style=\"padding-top:var(--wp--preset--spacing--30);padding-bottom:var(--wp--preset--spacing--30)\">Tartu linn<\/p>\n\n\n\n<div class=\"wp-block-columns is-layout-flex wp-container-core-columns-is-layout-28f84493 wp-block-columns-is-layout-flex\">\n<div class=\"wp-block-column is-layout-flow wp-block-column-is-layout-flow\">\n<p class=\"has-text-align-center has-medium-font-size\">Taavi Kool<br>C\u00e4roly Anton<br>Rait Rattik<br>Daniel K\u00fctt<br>Elo Lints<br>Mart Lilleleht<br>Liis Ott<br>Merle Vacker<br>K\u00e4rt-Katrin Johanson<br>Siin Kornel<br>Maarja Mustimets<br>Ene Timmi<\/p>\n<\/div>\n\n\n\n<div class=\"wp-block-column is-layout-flow wp-block-column-is-layout-flow\">\n<p class=\"has-text-align-center has-medium-font-size\" style=\"padding-bottom:var(--wp--preset--spacing--30)\">Meelis Pihlap<br>Pille K\u00fctt<br>Merike Puura<br>Merle Rattus<br>Halliki Pihlap<br>Kadri Lees<br>Amaranta Adojaan<br>Liis Ermus<br>Karin Tamm<br>Adele Vaks<br>Kristina K\u00e4nd<br>Martiina Viil<br>Annika Kukk<\/p>\n<\/div>\n\n\n\n<div class=\"wp-block-column is-layout-flow wp-block-column-is-layout-flow\">\n<p class=\"has-text-align-center has-medium-font-size\">Mereli Tubin<br>Triin Seppet<br>Aino Kuklane<br>Riina Kuusk<br>Toomas Kuusk<br>Krista Roosiv\u00e4li<br>Riina Tark<br>Andreas Vija<br>Sulev Ulp<br>Carol Maask<br>Kaidi Maask<br>M\u00e4rt Konsap<\/p>\n<\/div>\n<\/div>\n<\/div>","protected":false},"excerpt":{"rendered":"<p>Koorivormid Uued rohekarvalised koorivormid valmisid 2023. aasta kevadel meie 40. hooaja juubelikontserdiks. Tartu Noortekoor t\u00e4nab k\u00f5iki kaasaelajaid, kes meile selleks Hooandjas hoogu andsid! Edukat Hooandja projekti ja meie tehtud videot saab j\u00e4rele vaadata siit. Ait\u00e4h toetamast! Tartu linn Taavi KoolC\u00e4roly AntonRait RattikDaniel K\u00fcttElo LintsMart LillelehtLiis OttMerle VackerK\u00e4rt-Katrin JohansonSiin KornelMaarja MustimetsEne Timmi Meelis PihlapPille K\u00fcttMerike PuuraMerle [&hellip;]<\/p>\n","protected":false},"author":1,"featured_media":9006,"parent":102,"menu_order":0,"comment_status":"closed","ping_status":"closed","template":"","meta":{"_acf_changed":false,"_gspb_post_css":"","iawp_total_views":68,"footnotes":""},"class_list":["post-94","page","type-page","status-publish","has-post-thumbnail","hentry"],"acf":[],"aioseo_notices":[],"_links":{"self":[{"href":"https:\/\/tartunoortekoor.ee\/en\/wp-json\/wp\/v2\/pages\/94","targetHints":{"allow":["GET"]}}],"collection":[{"href":"https:\/\/tartunoortekoor.ee\/en\/wp-json\/wp\/v2\/pages"}],"about":[{"href":"https:\/\/tartunoortekoor.ee\/en\/wp-json\/wp\/v2\/types\/page"}],"author":[{"embeddable":true,"href":"https:\/\/tartunoortekoor.ee\/en\/wp-json\/wp\/v2\/users\/1"}],"replies":[{"embeddable":true,"href":"https:\/\/tartunoortekoor.ee\/en\/wp-json\/wp\/v2\/comments?post=94"}],"version-history":[{"count":2,"href":"https:\/\/tartunoortekoor.ee\/en\/wp-json\/wp\/v2\/pages\/94\/revisions"}],"predecessor-version":[{"id":12785,"href":"https:\/\/tartunoortekoor.ee\/en\/wp-json\/wp\/v2\/pages\/94\/revisions\/12785"}],"up":[{"embeddable":true,"href":"https:\/\/tartunoortekoor.ee\/en\/wp-json\/wp\/v2\/pages\/102"}],"wp:featuredmedia":[{"embeddable":true,"href":"https:\/\/tartunoortekoor.ee\/en\/wp-json\/wp\/v2\/media\/9006"}],"wp:attachment":[{"href":"https:\/\/tartunoortekoor.ee\/en\/wp-json\/wp\/v2\/media?parent=94"}],"curies":[{"name":"wp","href":"https:\/\/api.w.org\/{rel}","templated":true}]}}